{"id":53837,"date":"2025-07-15T10:59:23","date_gmt":"2025-07-15T07:59:23","guid":{"rendered":"https:\/\/ccisv.ro\/content\/?page_id=53837"},"modified":"2025-08-06T09:30:57","modified_gmt":"2025-08-06T06:30:57","slug":"arhiva-een-2022-2025","status":"publish","type":"page","link":"https:\/\/ccisv.ro\/content\/arhiva-een-2022-2025\/","title":{"rendered":"Arhiva EEN 2022-2025"},"content":{"rendered":"<p><div class=\"fusion-fullwidth fullwidth-box fusion-builder-row-1 hundred-percent-fullwidth non-hundred-percent-height-scrolling\" style=\"--awb-border-radius-top-left:0px;--awb-border-radius-top-right:0px;--awb-border-radius-bottom-right:0px;--awb-border-radius-bottom-left:0px;--awb-overflow:visible;--awb-flex-wrap:wrap;\" ><div class=\"fusion-builder-row fusion-row\"><div class=\"fusion-layout-column fusion_builder_column fusion-builder-column-0 fusion_builder_column_1_1 1_1 fusion-one-full fusion-column-first fusion-column-last fusion-column-no-min-height\" style=\"--awb-bg-blend:overlay;--awb-bg-size:cover;--awb-margin-bottom:0px;\"><div class=\"fusion-column-wrapper fusion-flex-column-wrapper-legacy\"><div class=\"fusion-image-element in-legacy-container\" style=\"--awb-caption-title-font-family:var(--h2_typography-font-family);--awb-caption-title-font-weight:var(--h2_typography-font-weight);--awb-caption-title-font-style:var(--h2_typography-font-style);--awb-caption-title-size:var(--h2_typography-font-size);--awb-caption-title-transform:var(--h2_typography-text-transform);--awb-caption-title-line-height:var(--h2_typography-line-height);--awb-caption-title-letter-spacing:var(--h2_typography-letter-spacing);\"><span class=\" fusion-imageframe imageframe-none imageframe-1 hover-type-none\"><a class=\"fusion-no-lightbox\" href=\"https:\/\/een.ec.europa.eu\/\" target=\"_blank\" aria-label=\"banner\" rel=\"noopener noreferrer\"><img decoding=\"async\" width=\"800\" height=\"400\" src=\"https:\/\/ccisv.ro\/content\/wp-content\/uploads\/2023\/06\/banner.png\" alt class=\"img-responsive wp-image-48898\" srcset=\"https:\/\/ccisv.ro\/content\/wp-content\/uploads\/2023\/06\/banner-300x150.png 300w, https:\/\/ccisv.ro\/content\/wp-content\/uploads\/2023\/06\/banner-500x250.png 500w, https:\/\/ccisv.ro\/content\/wp-content\/uploads\/2023\/06\/banner-700x350.png 700w, https:\/\/ccisv.ro\/content\/wp-content\/uploads\/2023\/06\/banner-768x384.png 768w, https:\/\/ccisv.ro\/content\/wp-content\/uploads\/2023\/06\/banner.png 800w\" sizes=\"(max-width: 800px) 100vw, 800px\" \/><\/a><\/span><\/div><div class=\"fusion-clearfix\"><\/div><\/div><\/div><\/div><\/div><div class=\"fusion-fullwidth fullwidth-box fusion-builder-row-2 hundred-percent-fullwidth non-hundred-percent-height-scrolling\" style=\"--awb-border-radius-top-left:0px;--awb-border-radius-top-right:0px;--awb-border-radius-bottom-right:0px;--awb-border-radius-bottom-left:0px;--awb-overflow:visible;--awb-flex-wrap:wrap;\" ><div class=\"fusion-builder-row fusion-row\"><div class=\"fusion-layout-column fusion_builder_column fusion-builder-column-1 fusion_builder_column_1_1 1_1 fusion-one-full fusion-column-first fusion-column-last fusion-column-no-min-height\" style=\"--awb-bg-blend:overlay;--awb-bg-size:cover;--awb-margin-bottom:0px;\"><div class=\"fusion-column-wrapper fusion-flex-column-wrapper-legacy\"><div class=\"fusion-recent-posts fusion-recent-posts-1 avada-container layout-default layout-columns-1 news-p\"><section class=\"fusion-columns columns fusion-columns-1 columns-1\"><article class=\"post fusion-column column col col-lg-12 col-md-12 col-sm-12\"><div class=\"recent-posts-content\"><h4 class=\"\"><a href=\"https:\/\/ccisv.ro\/content\/eencanhelp\/\">Oportunit\u0103\u021bi de afaceri interna\u021bionale #EENCanHelp<\/a><\/h4><\/div><\/article><article class=\"post fusion-column column col col-lg-12 col-md-12 col-sm-12\"><div class=\"recent-posts-content\"><h4 class=\"\"><a href=\"https:\/\/ccisv.ro\/content\/sustainablesolutionsmatch-7-21-february-2025\/\">SustainableSolutionsMatch &#8211; 7-21 february 2025<\/a><\/h4><\/div><\/article><article class=\"post fusion-column column col col-lg-12 col-md-12 col-sm-12\"><div class=\"recent-posts-content\"><h4 class=\"\"><a href=\"https:\/\/ccisv.ro\/content\/chestionar-directiva-unfair-trading-practices\/\">Chestionar Directiva Unfair Trading Practices<\/a><\/h4><\/div><\/article><article class=\"post fusion-column column col col-lg-12 col-md-12 col-sm-12\"><div class=\"recent-posts-content\"><h4 class=\"\"><a href=\"https:\/\/ccisv.ro\/content\/expozitia-internationala-de-tesaturi-textile-de-imbracaminte-si-accesorii-texhibition-istanbul-in-perioada-11-13-septembrie-2024\/\">Expozi\u021bia Interna\u021bional\u0103 de \u021aes\u0103turi, Textile de \u00eembr\u0103c\u0103minte \u0219i Accesorii TEXHIBITION ISTANBUL, \u00een perioada 11 \u2013 13 septembrie 2024<\/a><\/h4><\/div><\/article><article class=\"post fusion-column column col col-lg-12 col-md-12 col-sm-12\"><div class=\"recent-posts-content\"><h4 class=\"\"><a href=\"https:\/\/ccisv.ro\/content\/finantare-europeana-nerambursabila-de-10-000-eur-pentru-energia-companiei-tale\/\">Finan\u021bare european\u0103 nerambursabil\u0103 de 10 000 EUR pentru energia companiei tale!<\/a><\/h4><\/div><\/article><article class=\"post fusion-column column col col-lg-12 col-md-12 col-sm-12\"><div class=\"recent-posts-content\"><h4 class=\"\"><a href=\"https:\/\/ccisv.ro\/content\/invitatie-misiune-economica-romania-catalonia-si-insulele-baleare-21-28-martie-2024\/\">Invita\u0163ie Misiune economic\u0103 Rom\u00e2nia, Catalonia \u0219i Insulele Baleare, 21 \u2013 28 martie 2024<\/a><\/h4><\/div><\/article><article class=\"post fusion-column column col col-lg-12 col-md-12 col-sm-12\"><div class=\"recent-posts-content\"><h4 class=\"\"><a href=\"https:\/\/ccisv.ro\/content\/seminar-de-fiscalitate-cu-adrian-benta-6-martie-2024-ora-1000\/\">SEMINAR DE FISCALITATE cu Adrian BEN\u021aA, 6 martie 2024 ora 10:00<\/a><\/h4><\/div><\/article><article class=\"post fusion-column column col col-lg-12 col-md-12 col-sm-12\"><div class=\"recent-posts-content\"><h4 class=\"\"><a href=\"https:\/\/ccisv.ro\/content\/invitatie-de-participare-in-cadrul-misiunii-economice-la-forumul-mondial-al-economiei-circulare-wcef-2024-de-la-bruxelles-15-17-aprilie\/\">Invita\u0163ie de participare \u00een cadrul misiunii economice la Forumul mondial al economiei circulare (WCEF) 2024 de la Bruxelles &#8211; 15-17 aprilie<\/a><\/h4><\/div><\/article><article class=\"post fusion-column column col col-lg-12 col-md-12 col-sm-12\"><div class=\"recent-posts-content\"><h4 class=\"\"><a href=\"https:\/\/ccisv.ro\/content\/seminar-de-fiscalitate-cu-adrian-benta-9-noiembrie-2023-ora-1000\/\">SEMINAR DE FISCALITATE cu Adrian BEN\u021aA, 9 noiembrie 2023, ora 10:00<\/a><\/h4><\/div><\/article><article class=\"post fusion-column column col col-lg-12 col-md-12 col-sm-12\"><div class=\"recent-posts-content\"><h4 class=\"\"><a href=\"https:\/\/ccisv.ro\/content\/seminar-noutati-juridice-in-internationalizarea-imm-urilor\/\">Seminar \u201dNout\u0103\u021bi juridice \u00een interna\u021bionalizarea IMM-urilor\u201d &#8211; Suceava, mar\u021bi, 21 martie 2023, ora 13.30<\/a><\/h4><\/div><\/article><article class=\"post fusion-column column col col-lg-12 col-md-12 col-sm-12\"><div class=\"recent-posts-content\"><h4 class=\"\"><a href=\"https:\/\/ccisv.ro\/content\/invitatie-seminar-de-informare-vatra-dornei-joi-30-martie-2023-ora-11-30\/\">INVITA\u021aIE SEMINAR DE INFORMARE &#8211; Vatra Dornei, joi, 30 martie 2023, ora 11.30<\/a><\/h4><\/div><\/article><article class=\"post fusion-column column col col-lg-12 col-md-12 col-sm-12\"><div class=\"recent-posts-content\"><h4 class=\"\"><a href=\"https:\/\/ccisv.ro\/content\/invitatie-seminar-de-fiscalitate-ultimele-noutati-fiscale-cu-adrian-benta-2\/\">INVITA\u021aIE Seminar de fiscalitate &#8211; \u201dUltimele nout\u0103\u021bi fiscale\u201d cu Adrian BEN\u021aA<\/a><\/h4><\/div><\/article><article class=\"post fusion-column column col col-lg-12 col-md-12 col-sm-12\"><div class=\"recent-posts-content\"><h4 class=\"\"><a href=\"https:\/\/ccisv.ro\/content\/oportunitati-de-colaborare-alaturati-va-webinar-iilor-noastre\/\">Oportunit\u0103\u021bi de colaborare. Al\u0103tura\u021bi-v\u0103 webinar-iilor noastre<\/a><\/h4><\/div><\/article><article class=\"post fusion-column column col col-lg-12 col-md-12 col-sm-12\"><div class=\"recent-posts-content\"><h4 class=\"\"><a href=\"https:\/\/ccisv.ro\/content\/reteaua-enterprise-europe-network-in-sprijinul-intreprinderilor-din-regiunea-nord-est-seminar-de-informare\/\">Re\u021beaua Enterprise Europe Network \u00een sprijinul  \u00eentreprinderilor din Regiunea Nord-Est &#8211; Seminar de informare<\/a><\/h4><\/div><\/article><article class=\"post fusion-column column col col-lg-12 col-md-12 col-sm-12\"><div class=\"recent-posts-content\"><h4 class=\"\"><a href=\"https:\/\/ccisv.ro\/content\/invitatie-seminar-de-fiscalitate-ultimele-noutati-fiscale-cu-adrian-benta\/\">Invita\u021bie seminar de fiscalitate &#8211; \u201dUltimele nout\u0103\u021bi fiscale\u201d cu Adrian BEN\u021aA<\/a><\/h4><\/div><\/article><article class=\"post fusion-column column col col-lg-12 col-md-12 col-sm-12\"><div class=\"recent-posts-content\"><h4 class=\"\"><a href=\"https:\/\/ccisv.ro\/content\/prezentare-enterprise-europe-network\/\">Prezentare Enterprise Europe Network<\/a><\/h4><\/div><\/article><article class=\"post fusion-column column col col-lg-12 col-md-12 col-sm-12\"><div class=\"recent-posts-content\"><h4 class=\"\"><a href=\"https:\/\/ccisv.ro\/content\/romanian-economic-mission-expo-dubai\/\">Romanian Economic Mission EXPO DUBAI<\/a><\/h4><\/div><\/article><\/section><\/div><div class=\"fusion-clearfix\"><\/div><\/div><\/div><\/div><\/div><div class=\"fusion-fullwidth fullwidth-box fusion-builder-row-3 nonhundred-percent-fullwidth non-hundred-percent-height-scrolling\" style=\"--awb-background-position:left top;--awb-border-sizes-top:0px;--awb-border-sizes-bottom:0px;--awb-border-sizes-left:0px;--awb-border-sizes-right:0px;--awb-border-radius-top-left:0px;--awb-border-radius-top-right:0px;--awb-border-radius-bottom-right:0px;--awb-border-radius-bottom-left:0px;--awb-padding-top:20px;--awb-padding-bottom:20px;--awb-flex-wrap:wrap;\" ><div class=\"fusion-builder-row fusion-row\"><div class=\"fusion-layout-column fusion_builder_column fusion-builder-column-2 fusion_builder_column_1_1 1_1 fusion-one-full fusion-column-first fusion-column-last fusion-column-no-min-height\" style=\"--awb-bg-blend:overlay;--awb-bg-size:cover;--awb-margin-bottom:0px;\" data-scroll-devices=\"small-visibility,medium-visibility,large-visibility\"><div class=\"fusion-column-wrapper fusion-column-has-shadow fusion-flex-column-wrapper-legacy\"><div class=\"fusion-text fusion-text-1\"><h2><a href=\"https:\/\/mailchi.mp\/504836852bda\/erbsn-newsletter-2-2026?e=ed2f0f6fab\">ERBSN e-Buletin nr. 2\/2026 Centrul Enterprise Europe Network<\/a><\/h2>\n<h2><a href=\"https:\/\/mailchi.mp\/685270481bd9\/erbsn-newsletter-test2025-5013583?e=ed2f0f6fab\">ERBSN e-Buletin nr. 1\/2026 Centrul Enterprise Europe Network<\/a><\/h2>\n<\/div><div class=\"fusion-text fusion-text-2\"><h2><a href=\"https:\/\/ccisv.ro\/content\/arhiva-een-2022-2025\/\">Arhiva EEN 2022-2025<\/a><\/h2>\n<\/div><div class=\"fusion-clearfix\"><\/div><\/div><\/div><\/div><\/div>\n<\/p>\n","protected":false},"excerpt":{"rendered":"","protected":false},"author":5,"featured_media":0,"parent":0,"menu_order":0,"comment_status":"closed","ping_status":"closed","template":"","meta":{"footnotes":""},"class_list":["post-53837","page","type-page","status-publish","hentry"],"_links":{"self":[{"href":"https:\/\/ccisv.ro\/content\/wp-json\/wp\/v2\/pages\/53837","targetHints":{"allow":["GET"]}}],"collection":[{"href":"https:\/\/ccisv.ro\/content\/wp-json\/wp\/v2\/pages"}],"about":[{"href":"https:\/\/ccisv.ro\/content\/wp-json\/wp\/v2\/types\/page"}],"author":[{"embeddable":true,"href":"https:\/\/ccisv.ro\/content\/wp-json\/wp\/v2\/users\/5"}],"replies":[{"embeddable":true,"href":"https:\/\/ccisv.ro\/content\/wp-json\/wp\/v2\/comments?post=53837"}],"version-history":[{"count":3,"href":"https:\/\/ccisv.ro\/content\/wp-json\/wp\/v2\/pages\/53837\/revisions"}],"predecessor-version":[{"id":53910,"href":"https:\/\/ccisv.ro\/content\/wp-json\/wp\/v2\/pages\/53837\/revisions\/53910"}],"wp:attachment":[{"href":"https:\/\/ccisv.ro\/content\/wp-json\/wp\/v2\/media?parent=53837"}],"curies":[{"name":"wp","href":"https:\/\/api.w.org\/{rel}","templated":true}]}}