{"id":42500,"date":"2019-11-14T08:18:29","date_gmt":"2019-11-14T06:18:29","guid":{"rendered":"http:\/\/ccisv.ro\/content\/?page_id=42500"},"modified":"2023-06-28T11:48:46","modified_gmt":"2023-06-28T08:48:46","slug":"proiect-impuls","status":"publish","type":"page","link":"https:\/\/ccisv.ro\/content\/proiect-impuls\/","title":{"rendered":"Proiect Impuls"},"content":{"rendered":"<div class=\"fusion-fullwidth fullwidth-box fusion-builder-row-1 hundred-percent-fullwidth non-hundred-percent-height-scrolling\" style=\"--awb-border-radius-top-left:0px;--awb-border-radius-top-right:0px;--awb-border-radius-bottom-right:0px;--awb-border-radius-bottom-left:0px;--awb-overflow:visible;--awb-flex-wrap:wrap;\" ><div class=\"fusion-builder-row fusion-row\"><div class=\"fusion-layout-column fusion_builder_column fusion-builder-column-0 fusion_builder_column_1_1 1_1 fusion-one-full fusion-column-first fusion-column-last fusion-column-no-min-height\" style=\"--awb-bg-size:cover;--awb-margin-bottom:0px;\"><div class=\"fusion-column-wrapper fusion-flex-column-wrapper-legacy\"><div class=\"fusion-text fusion-text-1\"><p><a href=\"http:\/\/ccisv.ro\/content\/wp-content\/uploads\/2019\/11\/banner-impuls.png\" rel=\"attachment wp-att-42554\"><img decoding=\"async\" class=\"alignnone size-full wp-image-42554\" src=\"http:\/\/ccisv.ro\/content\/wp-content\/uploads\/2019\/11\/banner-impuls.png\" alt=\"banner impuls\" width=\"800\" height=\"400\" srcset=\"https:\/\/ccisv.ro\/content\/wp-content\/uploads\/2019\/11\/banner-impuls-300x150.png 300w, https:\/\/ccisv.ro\/content\/wp-content\/uploads\/2019\/11\/banner-impuls-500x250.png 500w, https:\/\/ccisv.ro\/content\/wp-content\/uploads\/2019\/11\/banner-impuls-600x300.png 600w, https:\/\/ccisv.ro\/content\/wp-content\/uploads\/2019\/11\/banner-impuls-700x350.png 700w, https:\/\/ccisv.ro\/content\/wp-content\/uploads\/2019\/11\/banner-impuls-768x384.png 768w, https:\/\/ccisv.ro\/content\/wp-content\/uploads\/2019\/11\/banner-impuls.png 800w\" sizes=\"(max-width: 800px) 100vw, 800px\" \/><\/a><\/p>\n<p>&nbsp;<\/p>\n<\/div><div class=\"fusion-clearfix\"><\/div><\/div><\/div><div class=\"fusion-layout-column fusion_builder_column fusion-builder-column-1 fusion_builder_column_1_1 1_1 fusion-one-full fusion-column-first fusion-column-last fusion-column-no-min-height\" style=\"--awb-bg-size:cover;--awb-margin-bottom:0px;\"><div class=\"fusion-column-wrapper fusion-flex-column-wrapper-legacy\"><div class=\"fusion-recent-posts fusion-recent-posts-1 avada-container layout-default layout-columns-1\"><section class=\"fusion-columns columns fusion-columns-1 columns-1\"><article class=\"post fusion-column column col col-lg-12 col-md-12 col-sm-12\"><div class=\"recent-posts-content\"><h4 class=\"\"><a href=\"https:\/\/ccisv.ro\/content\/proiect-impuls-imbunatatirea-cunostintelor-angajatilor-si-promovarea-invatarii-pe-tot-parcursul-vietii-in-randul-companiilor-din-regiunea-nord-est-cod-mysmis-128044\/\">Proiect \u201cIMPULS \u2013 \u00cembun\u0103t\u0103\u021birea cuno\u0219tin\u021belor angaja\u021bilor \u0219i promovarea \u00eenv\u0103\u021b\u0103rii pe tot parcursul vie\u021bii \u00een r\u00e2ndul companiilor din Regiunea Nord-Est\u201d, cod MySmis 128044<\/a><\/h4><\/div><\/article><article class=\"post fusion-column column col col-lg-12 col-md-12 col-sm-12\"><div class=\"recent-posts-content\"><h4 class=\"\"><a href=\"https:\/\/ccisv.ro\/content\/comunicat-finalizare-proiect-impuls\/\">Comunicat finalizare proiect IMPULS<\/a><\/h4><\/div><\/article><article class=\"post fusion-column column col col-lg-12 col-md-12 col-sm-12\"><div class=\"recent-posts-content\"><h4 class=\"\"><a href=\"https:\/\/ccisv.ro\/content\/invitatie-la-conferinta-de-inchidere-a-proiectului-impuls-17-09-2021\/\">Invita\u021bie la conferin\u021ba de \u00eenchidere a proiectului IMPULS, 17.09.2021<\/a><\/h4><\/div><\/article><article class=\"post fusion-column column col col-lg-12 col-md-12 col-sm-12\"><div class=\"recent-posts-content\"><h4 class=\"\"><a href=\"https:\/\/ccisv.ro\/content\/identificarea-perceptiilor-privind-importanta-si-necesitatea-participarii-angajatilor-imm-urilor-la-programe-de-formare-continua-studiu-de-piata\/\">Identificarea percep\u021biilor privind importan\u021ba \u0219i necesitatea particip\u0103rii angaja\u021bilor IMM-urilor la programe de formare continu\u0103\u201d \u2013 studiu de pia\u021b\u0103<\/a><\/h4><\/div><\/article><article class=\"post fusion-column column col col-lg-12 col-md-12 col-sm-12\"><div class=\"recent-posts-content\"><h4 class=\"\"><a href=\"https:\/\/ccisv.ro\/content\/ultimul-curs-gratuit-in-cadrul-proiectului-impuls\/\">Ultimul curs gratuit \u00een cadrul proiectului IMPULS<\/a><\/h4><\/div><\/article><article class=\"post fusion-column column col col-lg-12 col-md-12 col-sm-12\"><div class=\"recent-posts-content\"><h4 class=\"\"><a href=\"https:\/\/ccisv.ro\/content\/dezvolta-ti-competentele-digitale-printr-un-curs-100-gratuit\/\">Dezvolt\u0103-\u021bi competen\u021bele digitale printr-un curs 100% gratuit!<\/a><\/h4><\/div><\/article><article class=\"post fusion-column column col col-lg-12 col-md-12 col-sm-12\"><div class=\"recent-posts-content\"><h4 class=\"\"><a href=\"https:\/\/ccisv.ro\/content\/ultimele-2-cursuri-gratuite-organizate-in-cadrul-proiectului-impuls\/\">Ultimele 2 cursuri gratuite organizate \u00een cadrul proiectului IMPULS<\/a><\/h4><\/div><\/article><article class=\"post fusion-column column col col-lg-12 col-md-12 col-sm-12\"><div class=\"recent-posts-content\"><h4 class=\"\"><a href=\"https:\/\/ccisv.ro\/content\/ultimul-curs-gratuit-de-agent-vanzari\/\">Ultimul curs gratuit de agent v\u00e2nz\u0103ri<\/a><\/h4><\/div><\/article><article class=\"post fusion-column column col col-lg-12 col-md-12 col-sm-12\"><div class=\"recent-posts-content\"><h4 class=\"\"><a href=\"https:\/\/ccisv.ro\/content\/camera-de-comert-si-industrie-suceava-ofera-cursuri-gratuite-angajatilor-cu-varsta-de-minim-55-de-ani\/\">Camera de Comer\u021b \u0219i Industrie Suceava ofer\u0103 cursuri gratuite angaja\u021bilor cu v\u00e2rsta de minim 55 de ani<\/a><\/h4><\/div><\/article><article class=\"post fusion-column column col col-lg-12 col-md-12 col-sm-12\"><div class=\"recent-posts-content\"><h4 class=\"\"><a href=\"https:\/\/ccisv.ro\/content\/invitatie-workshop-afaceri-si-leadership-feminin\/\">Invita\u021bie workshop AFACERI \u0218I LEADERSHIP FEMININ<\/a><\/h4><\/div><\/article><article class=\"post fusion-column column col col-lg-12 col-md-12 col-sm-12\"><div class=\"recent-posts-content\"><h4 class=\"\"><a href=\"https:\/\/ccisv.ro\/content\/inscrierile-la-cursurile-gratuite-din-cadrul-proiectului-impuls-continua-si-in-2021\/\">\u00censcrierile la cursurile gratuite din cadrul proiectului IMPULS continu\u0103 \u0219i \u00een 2021<\/a><\/h4><\/div><\/article><article class=\"post fusion-column column col col-lg-12 col-md-12 col-sm-12\"><div class=\"recent-posts-content\"><h4 class=\"\"><a href=\"https:\/\/ccisv.ro\/content\/ultimele-locuri-la-cursurile-organizate-in-cadrul-proiectului-impuls\/\">Ultimele locuri la cursurile organizate \u00een cadrul proiectului IMPULS<\/a><\/h4><\/div><\/article><article class=\"post fusion-column column col col-lg-12 col-md-12 col-sm-12\"><div class=\"recent-posts-content\"><h4 class=\"\"><a href=\"https:\/\/ccisv.ro\/content\/ultimele-locuri-la-3-cursuri-gratuite-organizate-in-cadrul-proiectului-impuls\/\">Ultimele locuri la 3 cursuri gratuite organizate \u00een cadrul proiectului IMPULS<\/a><\/h4><\/div><\/article><article class=\"post fusion-column column col col-lg-12 col-md-12 col-sm-12\"><div class=\"recent-posts-content\"><h4 class=\"\"><a href=\"https:\/\/ccisv.ro\/content\/4-cursuri-gratuite-organizate-in-cadrul-proiectului-impuls\/\">4 cursuri gratuite organizate \u00een cadrul proiectului IMPULS<\/a><\/h4><\/div><\/article><article class=\"post fusion-column column col col-lg-12 col-md-12 col-sm-12\"><div class=\"recent-posts-content\"><h4 class=\"\"><a href=\"https:\/\/ccisv.ro\/content\/workshop-uri-organizate-in-proiect-impuls\/\">WORKSHOP-URI ORGANIZATE \u00ceN PROIECT IMPULS<\/a><\/h4><\/div><\/article><article class=\"post fusion-column column col col-lg-12 col-md-12 col-sm-12\"><div class=\"recent-posts-content\"><h4 class=\"\"><a href=\"https:\/\/ccisv.ro\/content\/invitatie-workshop-uri-proiect-impuls\/\">Invita\u021bie workshop-uri proiect IMPULS<\/a><\/h4><\/div><\/article><article class=\"post fusion-column column col col-lg-12 col-md-12 col-sm-12\"><div class=\"recent-posts-content\"><h4 class=\"\"><a href=\"https:\/\/ccisv.ro\/content\/cursuri-gratuite-organizate-de-asociatia-consensual\/\">Cursuri gratuite organizate de Asocia\u021bia CONSENSUAL<\/a><\/h4><\/div><\/article><article class=\"post fusion-column column col col-lg-12 col-md-12 col-sm-12\"><div class=\"recent-posts-content\"><h4 class=\"\"><a href=\"https:\/\/ccisv.ro\/content\/ultimele-4-locuri-disponibile-la-cursul-de-agent-vanzari-100-finantat\/\">Curs gratuit de Agent V\u00e2nz\u0103ri &#8211; 100% finan\u021bat \u00een cadrul \u201cIMPULS \u2013 \u00cembun\u0103t\u0103\u021birea cuno\u0219tin\u021belor angaja\u021bilor \u0219i promovarea \u00eenv\u0103\u021b\u0103rii pe tot parcursul vie\u021bii \u00een r\u00e2ndul companiilor din Regiunea Nord-Est\u201d, cod MySmis 128044<\/a><\/h4><\/div><\/article><article class=\"post fusion-column column col col-lg-12 col-md-12 col-sm-12\"><div class=\"recent-posts-content\"><h4 class=\"\"><a href=\"https:\/\/ccisv.ro\/content\/inscrieri-activitate-de-consultanta-personalizata-pentru-imm-uri-impuls-imbunatatirea-cunostintelor-angajatilor-si-promovarea-invatarii-pe-tot-parcursul-vietii-in-randul-companiilor-din-reg\/\">\u00censcrieri activitate de consultan\u021b\u0103 personalizat\u0103 pentru IMM-uri, IMPULS \u2013 \u00cembun\u0103t\u0103\u021birea cuno\u0219tin\u021belor angaja\u021bilor \u0219i promovarea \u00eenv\u0103\u021b\u0103rii pe tot parcursul vie\u021bii \u00een r\u00e2ndul companiilor din Regiunea Nord-Est, cod MySmis 128044<\/a><\/h4><\/div><\/article><article class=\"post fusion-column column col col-lg-12 col-md-12 col-sm-12\"><div class=\"recent-posts-content\"><h4 class=\"\"><a href=\"https:\/\/ccisv.ro\/content\/invitatie-workshop-proiect-impuls-vineri-08-august-2020\/\">Invita\u021bie workshop proiect IMPULS, vineri 07 august 2020<\/a><\/h4><\/div><\/article><article class=\"post fusion-column column col col-lg-12 col-md-12 col-sm-12\"><div class=\"recent-posts-content\"><h4 class=\"\"><a href=\"https:\/\/ccisv.ro\/content\/curs-de-agent-vanzari-100-finantat\/\">Curs de agent v\u00e2nz\u0103ri, 100% finan\u021bat<\/a><\/h4><\/div><\/article><article class=\"post fusion-column column col col-lg-12 col-md-12 col-sm-12\"><div class=\"recent-posts-content\"><h4 class=\"\"><a href=\"https:\/\/ccisv.ro\/content\/profita-de-ultimele-8-locuri-100-finantate-pentru-cursul-de-bucatar\/\">Profit\u0103 de ultimele 8 locuri 100% finan\u021bate pentru cursul de buc\u0103tar!<\/a><\/h4><\/div><\/article><article class=\"post fusion-column column col col-lg-12 col-md-12 col-sm-12\"><div class=\"recent-posts-content\"><h4 class=\"\"><a href=\"https:\/\/ccisv.ro\/content\/invitatie-curs-gratuit-de-bucatar\/\">Invita\u021bie curs gratuit de buc\u0103tar<\/a><\/h4><\/div><\/article><article class=\"post fusion-column column col col-lg-12 col-md-12 col-sm-12\"><div class=\"recent-posts-content\"><h4 class=\"\"><a href=\"https:\/\/ccisv.ro\/content\/metodologie-selectie-grup-tinta-in-cadrul-proiectului-impuls-cod-mysmis-128044\/\">Metodologie selec\u021bie grup \u021bint\u0103 \u00een cadrul proiectului IMPULS, cod MySmis 128044<\/a><\/h4><\/div><\/article><article class=\"post fusion-column column col col-lg-12 col-md-12 col-sm-12\"><div class=\"recent-posts-content\"><h4 class=\"\"><a href=\"https:\/\/ccisv.ro\/content\/chestionar-privind-identificarea-nevoii-de-cursuri-de-formare-profesionala-ce-urmeaza-a-fi-organizate-in-cadrul-proiectului-impuls\/\">Chestionar privind identificarea nevoii de cursuri de formare profesional\u0103 ce urmeaz\u0103 a fi organizate \u00een cadrul proiectului IMPULS<\/a><\/h4><\/div><\/article><article class=\"post fusion-column column col col-lg-12 col-md-12 col-sm-12\"><div class=\"recent-posts-content\"><h4 class=\"\"><a href=\"https:\/\/ccisv.ro\/content\/conditii-de-eligibilitate-privind-inscrierea-in-grupul-tinta\/\">Condi\u0163ii de eligibilitate privind \u00eenscrierea \u00een grupul \u0163int\u0103<\/a><\/h4><\/div><\/article><article class=\"post fusion-column column col col-lg-12 col-md-12 col-sm-12\"><div class=\"recent-posts-content\"><h4 class=\"\"><a href=\"https:\/\/ccisv.ro\/content\/invitatie-la-conferinta-de-lansare-a-proiectului-impuls-imbunatatirea-cunostintelor-angajatilor-si-promovarea-invatarii-pe-tot-parcursul-vietii-in-randul-companiilor-din-regiunea-nord-est\/\">INVITA\u021aIE  la CONFERIN\u021aA DE LANSARE a proiectului  IMPULS \u2013 \u00cembun\u0103t\u0103\u021birea cuno\u0219tin\u021belor angaja\u021bilor \u0219i promovarea \u00eenv\u0103\u021b\u0103rii pe tot parcursul vie\u021bii \u00een r\u00e2ndul companiilor din Regiunea Nord-Est, cod MySmis 128044 &#8211; Miercuri, 18 decembrie 2019, ora 14:00, Camera de Comer\u021b \u0219i Industrie Suceava, etaj II, sala 5<\/a><\/h4><\/div><\/article><article class=\"post fusion-column column col col-lg-12 col-md-12 col-sm-12\"><div class=\"recent-posts-content\"><h4 class=\"\"><a href=\"https:\/\/ccisv.ro\/content\/impuls-imbunatatirea-cunostintelor-angajatilor-si-promovarea-invatarii-pe-tot-parcursul-vietii-in-randul-companiilor-din-regiunea-nord-est\/\">Comunicat lansare proiect IMPULS &#8211; \u00cembun\u0103t\u0103\u021birea cuno\u0219tin\u021belor angaja\u021bilor \u0219i promovarea \u00eenv\u0103\u021b\u0103rii pe tot parcursul vie\u021bii \u00een r\u00e2ndul companiilor din Regiunea Nord-Est, cod MySmis 128044<\/a><\/h4><\/div><\/article><\/section><\/div><div class=\"fusion-clearfix\"><\/div><\/div><\/div><\/div><\/div>\n","protected":false},"excerpt":{"rendered":"","protected":false},"author":5,"featured_media":0,"parent":0,"menu_order":0,"comment_status":"closed","ping_status":"closed","template":"","meta":{"footnotes":""},"class_list":["post-42500","page","type-page","status-publish","hentry"],"_links":{"self":[{"href":"https:\/\/ccisv.ro\/content\/wp-json\/wp\/v2\/pages\/42500","targetHints":{"allow":["GET"]}}],"collection":[{"href":"https:\/\/ccisv.ro\/content\/wp-json\/wp\/v2\/pages"}],"about":[{"href":"https:\/\/ccisv.ro\/content\/wp-json\/wp\/v2\/types\/page"}],"author":[{"embeddable":true,"href":"https:\/\/ccisv.ro\/content\/wp-json\/wp\/v2\/users\/5"}],"replies":[{"embeddable":true,"href":"https:\/\/ccisv.ro\/content\/wp-json\/wp\/v2\/comments?post=42500"}],"version-history":[{"count":24,"href":"https:\/\/ccisv.ro\/content\/wp-json\/wp\/v2\/pages\/42500\/revisions"}],"predecessor-version":[{"id":49026,"href":"https:\/\/ccisv.ro\/content\/wp-json\/wp\/v2\/pages\/42500\/revisions\/49026"}],"wp:attachment":[{"href":"https:\/\/ccisv.ro\/content\/wp-json\/wp\/v2\/media?parent=42500"}],"curies":[{"name":"wp","href":"https:\/\/api.w.org\/{rel}","templated":true}]}}