{"id":39740,"date":"2018-11-16T12:51:50","date_gmt":"2018-11-16T10:51:50","guid":{"rendered":"http:\/\/ccisv.ro\/content\/?page_id=39740"},"modified":"2023-06-28T11:48:47","modified_gmt":"2023-06-28T08:48:47","slug":"invata-din-practica-indip","status":"publish","type":"page","link":"https:\/\/ccisv.ro\/content\/invata-din-practica-indip\/","title":{"rendered":"\u00cenva\u021b\u0103 din practic\u0103! INDIP"},"content":{"rendered":"<p class=\"entry-title\" data-fontsize=\"18\" data-lineheight=\"27\"><a href=\"http:\/\/practicasv.ro\/\" target=\"_blank\" rel=\"noopener\">Site INDIP<\/a><\/p>\n<p class=\"entry-title\" data-fontsize=\"18\" data-lineheight=\"27\"><a href=\"http:\/\/ccisv.ro\/content\/lansare-proiect-invata-din-practica-indip\/\" target=\"_blank\" rel=\"noopener\">LANSARE PROIECT \u2013 \u00cenva\u021b\u0103 din practic\u0103! INDIP<\/a><\/p>\n<p class=\"entry-title\" data-fontsize=\"18\" data-lineheight=\"24\"><a href=\"http:\/\/ccisv.ro\/content\/250-de-studenti-si-masteranzi-vor-beneficia-de-stagii-de-practica-platite-din-fonduri-europene\/\" target=\"_blank\" rel=\"noopener\">250 de studen\u0163i \u015fi masteranzi vor beneficia de stagii de practic\u0103 pl\u0103tite din fonduri europene<\/a><\/p>\n<p class=\"entry-title\" data-fontsize=\"18\" data-lineheight=\"24\"><a href=\"http:\/\/ccisv.ro\/content\/chestionar-proiect-invata-din-practica-indip\/\" target=\"_blank\" rel=\"noopener\">Chestionar proiect \u00cenva\u021b\u0103 din practic\u0103! INDIP<\/a><\/p>\n<p class=\"entry-title\" data-fontsize=\"18\" data-lineheight=\"21\"><a href=\"http:\/\/ccisv.ro\/content\/identificare-parteneri-de-practica-proiect-invata-din-practica-indip-cod-107439\/\">Identificare parteneri de practic\u0103 &#8211; proiect \u00cenva\u021b\u0103 din practic\u0103! INDIP, cod 107439<\/a><\/p>\n","protected":false},"excerpt":{"rendered":"<p>Site INDIP LANSARE PROIECT \u2013 \u00cenva\u021b\u0103 din practic\u0103! INDIP 250 de studen\u0163i \u015fi masteranzi vor beneficia de stagii de practic\u0103 pl\u0103tite din fonduri europene Chestionar proiect \u00cenva\u021b\u0103 din practic\u0103! INDIP Identificare parteneri de practic\u0103 &#8211; proiect \u00cenva\u021b\u0103 din practic\u0103! INDIP, cod 107439<\/p>\n","protected":false},"author":5,"featured_media":0,"parent":0,"menu_order":0,"comment_status":"closed","ping_status":"closed","template":"","meta":{"footnotes":""},"class_list":["post-39740","page","type-page","status-publish","hentry"],"_links":{"self":[{"href":"https:\/\/ccisv.ro\/content\/wp-json\/wp\/v2\/pages\/39740","targetHints":{"allow":["GET"]}}],"collection":[{"href":"https:\/\/ccisv.ro\/content\/wp-json\/wp\/v2\/pages"}],"about":[{"href":"https:\/\/ccisv.ro\/content\/wp-json\/wp\/v2\/types\/page"}],"author":[{"embeddable":true,"href":"https:\/\/ccisv.ro\/content\/wp-json\/wp\/v2\/users\/5"}],"replies":[{"embeddable":true,"href":"https:\/\/ccisv.ro\/content\/wp-json\/wp\/v2\/comments?post=39740"}],"version-history":[{"count":6,"href":"https:\/\/ccisv.ro\/content\/wp-json\/wp\/v2\/pages\/39740\/revisions"}],"predecessor-version":[{"id":49034,"href":"https:\/\/ccisv.ro\/content\/wp-json\/wp\/v2\/pages\/39740\/revisions\/49034"}],"wp:attachment":[{"href":"https:\/\/ccisv.ro\/content\/wp-json\/wp\/v2\/media?parent=39740"}],"curies":[{"name":"wp","href":"https:\/\/api.w.org\/{rel}","templated":true}]}}