{"id":29564,"date":"2016-01-31T21:20:51","date_gmt":"2016-01-31T21:20:51","guid":{"rendered":"http:\/\/ccisv.ro\/avada\/?page_id=29564"},"modified":"2023-06-28T11:48:49","modified_gmt":"2023-06-28T08:48:49","slug":"registrul-national-de-publicitate-mobiliara","status":"publish","type":"page","link":"https:\/\/ccisv.ro\/content\/registrul-national-de-publicitate-mobiliara\/","title":{"rendered":"Registrul Na\u021bional de Publicitate Mobiliar\u0103"},"content":{"rendered":"<p><div class=\"fusion-fullwidth fullwidth-box fusion-builder-row-1 hundred-percent-fullwidth non-hundred-percent-height-scrolling cursuri-info noprint\" style=\"--awb-background-position:left top;--awb-border-radius-top-left:0px;--awb-border-radius-top-right:0px;--awb-border-radius-bottom-right:0px;--awb-border-radius-bottom-left:0px;--awb-padding-top:40px;--awb-padding-right:5%;--awb-padding-bottom:40px;--awb-padding-left:5%;--awb-background-color:#f7f7f7;--awb-border-sizes-top:0px;--awb-border-sizes-bottom:0px;--awb-flex-wrap:wrap;\" ><div class=\"fusion-builder-row fusion-row\"><div class=\"fusion-layout-column fusion_builder_column fusion-builder-column-0 fusion_builder_column_1_1 1_1 fusion-one-full fusion-column-first fusion-column-last fusion-column-no-min-height\" style=\"--awb-bg-size:cover;--awb-margin-bottom:0px;\"><div class=\"fusion-column-wrapper fusion-flex-column-wrapper-legacy\"><div class=\"fusion-title title fusion-title-1 fusion-sep-none fusion-title-center fusion-title-text fusion-title-size-one\"><h1 class=\"fusion-title-heading title-heading-center\" style=\"margin:0;\"><span style=\"font-size: 24pt; color: #1e73be;\"><strong>REGISTRUL NA\u0162IONAL DE PUBLICITATE MOBILIAR\u0102 (R.N.P.M.)<\/strong><\/span><\/h1><\/div><div class=\"fusion-sep-clear\"><\/div><div class=\"fusion-separator fusion-full-width-sep\" style=\"margin-left: auto;margin-right: auto;margin-top:50px;width:100%;\"><\/div><div class=\"fusion-sep-clear\"><\/div><div class=\"fusion-text fusion-text-1\"><p style=\"text-align: justify;\">Camera de Comer\u0163 \u015fi Industrie Suceava, \u00een calitate de Agent al Camerei de Comer\u0163 \u015fi Industrie a Rom\u00e2niei \u2013 Operator Autorizat al Registrului Na\u021bional de Publicitate Mobiliar\u0103 \u2013 \u00a0este autorizat\u0103 de c\u0103tre Ministerul Justi\u0163iei s\u0103 efectueze \u00eenscrieri \u015fi alte opera\u0163iuni \u00een baza de date R.N.P.M..<\/p>\n<\/div><div class=\"fusion-clearfix\"><\/div><\/div><\/div><\/div><\/div><div class=\"fusion-fullwidth fullwidth-box fusion-builder-row-2 hundred-percent-fullwidth non-hundred-percent-height-scrolling cursuri-info noprint\" style=\"--awb-background-position:left top;--awb-border-radius-top-left:0px;--awb-border-radius-top-right:0px;--awb-border-radius-bottom-right:0px;--awb-border-radius-bottom-left:0px;--awb-padding-top:40px;--awb-padding-right:5%;--awb-padding-bottom:40px;--awb-padding-left:5%;--awb-border-sizes-top:0px;--awb-border-sizes-bottom:0px;--awb-flex-wrap:wrap;\" ><div class=\"fusion-builder-row fusion-row\"><div class=\"fusion-layout-column fusion_builder_column fusion-builder-column-1 fusion_builder_column_1_1 1_1 fusion-one-full fusion-column-first fusion-column-last fusion-column-no-min-height\" style=\"--awb-bg-size:cover;--awb-margin-bottom:0px;\"><div class=\"fusion-column-wrapper fusion-flex-column-wrapper-legacy\"><div class=\"fusion-text fusion-text-2\"><p style=\"text-align: justify;\">R.N.P.M. asigur\u0103 \u00eenregistrarea opera\u0163iunilor privind ipotecile mobiliare \u015fi a opera\u0163iunilor asimilate acestora, a altor drepturi prev\u0103zute de lege, precum si publicitatea opera\u021biunilor juridice prev\u0103zute de lege pentru acte \u015fi fapte juridice cum ar fi:<\/p>\n<p style=\"text-align: justify;\">\u2013 Contracte de garan\u0163ie, loca\u0163iune, consigna\u0163ie, v\u00e2nzare-cump\u0103rare, obliga\u0163ii agricole;<br \/>\n\u2013 Sechestre asigur\u0103torii;<br \/>\n\u2013 \u00censcrieri \u00een leg\u0103tur\u0103 cu o opera\u0163iuni privind finan\u0163ele publice;<br \/>\n\u2013 \u00censcrieri \u00een leg\u0103tur\u0103 cu diferite tipuri bunuri:<br \/>\n\u2013 Autovehicule;<br \/>\n\u2013 Utilaje agricole, altele dec\u00e2t autovehicule;<br \/>\n\u2013 Crean\u0163e;<br \/>\n\u2013 Conturi bancare;<br \/>\n\u2013 Ac\u0163iuni\/p\u0103r\u0163i sociale\/valori mobiliare\/alte instrumente financiare;<br \/>\n\u2013 Poli\u0163e de asigurare;<br \/>\n\u2013 Universalit\u0103\u0163i (stocuri, fond de comer\u0163 sau alte asemenea universalit\u0103\u0163i);<br \/>\n\u2013 Echipamente\/instala\u0163ii\/alte bunuri destinate s\u0103 serveasc\u0103 exploat\u0103rii unei \u00eentreprinderi;<br \/>\n\u2013 P\u0103duri care urmeaz\u0103 a fi t\u0103iate;<br \/>\n\u2013 Minerale care urmeaz\u0103 a fi extrase;<br \/>\n\u2013 Recolte \u00een general dar \u015fi recolte ce urmeaz\u0103 a fi culese;<br \/>\n\u2013 Efective de animale, etc<\/p>\n<\/div><div class=\"fusion-clearfix\"><\/div><\/div><\/div><\/div><\/div><div class=\"fusion-fullwidth fullwidth-box fusion-builder-row-3 hundred-percent-fullwidth non-hundred-percent-height-scrolling cursuri-info noprint\" style=\"--awb-background-position:left top;--awb-border-radius-top-left:0px;--awb-border-radius-top-right:0px;--awb-border-radius-bottom-right:0px;--awb-border-radius-bottom-left:0px;--awb-padding-top:40px;--awb-padding-right:5%;--awb-padding-bottom:40px;--awb-padding-left:5%;--awb-background-color:#f7f7f7;--awb-border-sizes-top:0px;--awb-border-sizes-bottom:0px;--awb-flex-wrap:wrap;\" ><div class=\"fusion-builder-row fusion-row\"><div class=\"fusion-layout-column fusion_builder_column fusion-builder-column-2 fusion_builder_column_1_1 1_1 fusion-one-full fusion-column-first fusion-column-last fusion-column-no-min-height\" style=\"--awb-bg-size:cover;--awb-margin-bottom:0px;\"><div class=\"fusion-column-wrapper fusion-flex-column-wrapper-legacy\"><div class=\"fusion-text fusion-text-3\"><p style=\"text-align: justify;\">Site-urile oficiale ale arhivei electronice sunt:\u00a0<span style=\"color: #1e73b3;\"><a style=\"color: #1e73b3;\" href=\"http:\/\/www.co.romarhiva.ro\/\">www.co.romarhiva.ro<\/a><\/span>\u00a0\u015fi\u00a0<span style=\"color: #1e73b3;\"><a style=\"color: #1e73b3;\" href=\"http:\/\/www.mj.romarhiva.ro\/\">www.mj.romarhiva.ro<\/a><\/span>.<\/p>\n<p style=\"text-align: justify;\">Pentru mai multe detalii v\u0103 rug\u0103m s\u0103 ne contacta\u021bi la urm\u0103toarele date de contact:<\/p>\n<p style=\"text-align: justify;\">Gabriel Spatariu<\/p>\n<p style=\"text-align: justify;\">Telefon: 0742.108.142<\/p>\n<p style=\"text-align: justify;\">E-mail: <span style=\"color: #1e73b3;\"><a style=\"color: #1e73b3;\" href=\"mailto:gabriel.spatariu@ccisuceava.ro\">gabriel.spatariu@ccisuceava.ro<\/a><\/span><\/p>\n<\/div><div class=\"fusion-clearfix\"><\/div><\/div><\/div><\/div><\/div><\/p>\n","protected":false},"excerpt":{"rendered":"","protected":false},"author":5,"featured_media":0,"parent":0,"menu_order":0,"comment_status":"closed","ping_status":"closed","template":"100-width.php","meta":{"footnotes":""},"class_list":["post-29564","page","type-page","status-publish","hentry"],"_links":{"self":[{"href":"https:\/\/ccisv.ro\/content\/wp-json\/wp\/v2\/pages\/29564","targetHints":{"allow":["GET"]}}],"collection":[{"href":"https:\/\/ccisv.ro\/content\/wp-json\/wp\/v2\/pages"}],"about":[{"href":"https:\/\/ccisv.ro\/content\/wp-json\/wp\/v2\/types\/page"}],"author":[{"embeddable":true,"href":"https:\/\/ccisv.ro\/content\/wp-json\/wp\/v2\/users\/5"}],"replies":[{"embeddable":true,"href":"https:\/\/ccisv.ro\/content\/wp-json\/wp\/v2\/comments?post=29564"}],"version-history":[{"count":12,"href":"https:\/\/ccisv.ro\/content\/wp-json\/wp\/v2\/pages\/29564\/revisions"}],"predecessor-version":[{"id":49048,"href":"https:\/\/ccisv.ro\/content\/wp-json\/wp\/v2\/pages\/29564\/revisions\/49048"}],"wp:attachment":[{"href":"https:\/\/ccisv.ro\/content\/wp-json\/wp\/v2\/media?parent=29564"}],"curies":[{"name":"wp","href":"https:\/\/api.w.org\/{rel}","templated":true}]}}