{"id":29471,"date":"2016-01-28T20:56:25","date_gmt":"2016-01-28T20:56:25","guid":{"rendered":"http:\/\/ccisv.ro\/avada\/?page_id=29471"},"modified":"2025-11-18T11:04:52","modified_gmt":"2025-11-18T08:04:52","slug":"biroul-tau-virtual","status":"publish","type":"page","link":"https:\/\/ccisv.ro\/content\/biroul-tau-virtual\/","title":{"rendered":"Biroul tau Virtual"},"content":{"rendered":"<p><div class=\"fusion-fullwidth fullwidth-box fusion-builder-row-1 hundred-percent-fullwidth non-hundred-percent-height-scrolling cursuri-info noprint\" style=\"--awb-background-position:left top;--awb-border-sizes-top:0px;--awb-border-sizes-bottom:0px;--awb-border-sizes-left:0px;--awb-border-sizes-right:0px;--awb-border-radius-top-left:0px;--awb-border-radius-top-right:0px;--awb-border-radius-bottom-right:0px;--awb-border-radius-bottom-left:0px;--awb-padding-top:40px;--awb-padding-right:5%;--awb-padding-bottom:40px;--awb-padding-left:5%;--awb-background-color:#f7f7f7;--awb-flex-wrap:wrap;\" ><div class=\"fusion-builder-row fusion-row\"><div class=\"fusion-layout-column fusion_builder_column fusion-builder-column-0 fusion_builder_column_1_1 1_1 fusion-one-full fusion-column-first fusion-column-last fusion-column-no-min-height\" style=\"--awb-bg-blend:overlay;--awb-bg-size:cover;--awb-margin-bottom:0px;\"><div class=\"fusion-column-wrapper fusion-flex-column-wrapper-legacy\"><div class=\"fusion-title title fusion-title-1 fusion-sep-none fusion-title-center fusion-title-text fusion-title-size-one\"><h1 class=\"fusion-title-heading title-heading-center\" style=\"margin:0;\"><span style=\"font-size: 24pt; color: #1e73be;\">BIROUL VIRTUAL<\/span><\/h1><\/div><div class=\"fusion-sep-clear\"><\/div><div class=\"fusion-separator fusion-full-width-sep\" style=\"margin-left: auto;margin-right: auto;margin-top:50px;width:100%;\"><\/div><div class=\"fusion-sep-clear\"><\/div><div class=\"fusion-text fusion-text-1\"><p>Camera de Comer\u021b \u0219i Industrie Suceava pune la dispozi\u021bia antreprenorilor un serviciu modern \u0219i eficient: Biroul Virtual \u2013 solu\u021bia ideal\u0103 pentru companiile care doresc s\u0103 func\u021bioneze legal, f\u0103r\u0103 cheltuieli logistice sau administrative.<\/p>\n<\/div><div class=\"fusion-clearfix\"><\/div><\/div><\/div><\/div><\/div><div class=\"fusion-fullwidth fullwidth-box fusion-builder-row-2 hundred-percent-fullwidth non-hundred-percent-height-scrolling cursuri-info noprint\" style=\"--awb-background-position:left top;--awb-border-sizes-top:0px;--awb-border-sizes-bottom:0px;--awb-border-sizes-left:0px;--awb-border-sizes-right:0px;--awb-border-radius-top-left:0px;--awb-border-radius-top-right:0px;--awb-border-radius-bottom-right:0px;--awb-border-radius-bottom-left:0px;--awb-padding-top:40px;--awb-padding-right:5%;--awb-padding-bottom:40px;--awb-padding-left:5%;--awb-flex-wrap:wrap;\" ><div class=\"fusion-builder-row fusion-row\"><div class=\"fusion-layout-column fusion_builder_column fusion-builder-column-1 fusion_builder_column_1_1 1_1 fusion-one-full fusion-column-first fusion-column-last fusion-column-no-min-height\" style=\"--awb-bg-blend:overlay;--awb-bg-size:cover;--awb-margin-bottom:0px;\"><div class=\"fusion-column-wrapper fusion-flex-column-wrapper-legacy\"><div class=\"fusion-text fusion-text-2\"><p style=\"text-align: justify; color: #1e73be;\">Ce este Biroul Virtual?<\/p>\n<p style=\"text-align: justify;\">Este un serviciu de g\u0103zduire a sediului social, care ofer\u0103 o adres\u0103 oficial\u0103 pentru compania dumneavoastr\u0103, recunoscut\u0103 de Registrul Comer\u021bului. La aceast\u0103 adres\u0103, primi\u021bi coresponden\u021ba, iar noi o scan\u0103m \u0219i o trimitem pe e-mail \u00een maximum 24 de ore.<\/p>\n<p style=\"text-align: justify;\"><span style=\"color: #1e73be;\"><strong>Avantajele Biroului Virtual<br \/>\n<\/strong><\/span><\/p>\n<ul class=\"check\">\n<li>Adres\u0103 de sediu social \u00een cadrul Camerei de Comer\u021b \u0219i Industrie Suceava<\/li>\n<li>Coresponden\u021b\u0103 gestionat\u0103 profesional \u2013 primire, scanare \u0219i transmitere rapid\u0103 pe e-mail<\/li>\n<li>Zero costuri de chirie, amenajare sau \u00eentre\u021binere<\/li>\n<li>F\u0103r\u0103 cheltuieli de personal, telefonie, internet sau utilit\u0103\u021bi<\/li>\n<li>F\u0103r\u0103 birocra\u021bie fiscal\u0103 \u2013 simplific\u0103m procesul administrativ<\/li>\n<li>Acces la facilit\u0103\u021bi pentru \u00eent\u00e2lniri de afaceri (la cerere)<\/li>\n<li>F\u0103r\u0103 garan\u021bii<\/li>\n<li>Ideal pentru start-up-uri, freelanceri \u0219i companii \u00een dezvoltare<\/li>\n<\/ul>\n<\/div><div class=\"fusion-clearfix\"><\/div><\/div><\/div><\/div><\/div><div class=\"fusion-fullwidth fullwidth-box fusion-builder-row-3 hundred-percent-fullwidth non-hundred-percent-height-scrolling cursuri-info noprint\" style=\"--awb-background-position:left top;--awb-border-sizes-top:0px;--awb-border-sizes-bottom:0px;--awb-border-sizes-left:0px;--awb-border-sizes-right:0px;--awb-border-radius-top-left:0px;--awb-border-radius-top-right:0px;--awb-border-radius-bottom-right:0px;--awb-border-radius-bottom-left:0px;--awb-padding-top:40px;--awb-padding-right:5%;--awb-padding-bottom:40px;--awb-padding-left:5%;--awb-background-color:#f7f7f7;--awb-flex-wrap:wrap;\" ><div class=\"fusion-builder-row fusion-row\"><div class=\"fusion-layout-column fusion_builder_column fusion-builder-column-2 fusion_builder_column_1_1 1_1 fusion-one-full fusion-column-first fusion-column-last fusion-column-no-min-height\" style=\"--awb-bg-blend:overlay;--awb-bg-size:cover;--awb-margin-bottom:0px;\"><div class=\"fusion-column-wrapper fusion-flex-column-wrapper-legacy\"><div class=\"fusion-text fusion-text-3\"><p><span style=\"color: #1e73be;\">Ce include pachetul?<\/span><\/p>\n<ul class=\"check\">\n<li>Sediu legal \u2013 adres\u0103 oficial\u0103 recunoscut\u0103 de Registrul Comer\u021bului<\/li>\n<li>Servicii po\u0219tale \u2013 primire, scanare \u0219i transmitere a coresponden\u021bei \u00een max. 24h<\/li>\n<li>Suport administrativ \u2013 la cerere, putem facilita accesul la alte servicii conexe<\/li>\n<\/ul>\n<p><span style=\"color: #1e73be;\">Contacteaz\u0103-ne chiar azi!<\/span><\/p>\n<p>Simplific\u0103-\u021bi demersurile administrative \u0219i concentreaz\u0103-te pe dezvoltarea afacerii.<br \/>\n<strong>Solicit\u0103 Biroul Virtual<\/strong> de la Camera de Comer\u021b \u0219i Industrie Suceava \u0219i beneficiaz\u0103 de o solu\u021bie eficient\u0103, legal\u0103 \u0219i f\u0103r\u0103 costuri inutile.<\/p>\n<p><strong>Email:<\/strong> office@ccisuceava.ro<br \/>\n<strong>Telefon:<\/strong> 0230.521.506<\/p>\n<\/div><div class=\"fusion-button-wrapper\"><a class=\"fusion-button button-flat fusion-button-default-size button-blue fusion-button-blue button-1 fusion-button-default-span fusion-button-default-type\" target=\"_self\" href=\"#\" data-toggle=\"modal\" data-target=\".fusion-modal.formular-sua\"><i class=\"fa-file-alt fas awb-button__icon awb-button__icon--default button-icon-left\" aria-hidden=\"true\"><\/i><span class=\"fusion-button-text awb-button__text awb-button__text--default\">Solicit\u0103 servicii<\/span><\/a><\/div><div class=\"fusion-modal modal fade modal-1 formular-sua cursuri-mod\" tabindex=\"-1\" role=\"dialog\" aria-labelledby=\"modal-heading-1\" aria-hidden=\"true\" style=\"--awb-border-color:#ebebeb;--awb-background:#f6f6f6;\"><div class=\"modal-dialog modal-lg\" role=\"document\"><div class=\"modal-content fusion-modal-content\"><div class=\"modal-header\"><button class=\"close\" type=\"button\" data-dismiss=\"modal\" aria-hidden=\"true\" aria-label=\"Close\">&times;<\/button><h3 class=\"modal-title\" id=\"modal-heading-1\" data-dismiss=\"modal\" aria-hidden=\"true\">Formular cerere servicii<\/h3><\/div><div class=\"modal-body fusion-clearfix\">\n\n<div class=\"wpcf7 no-js\" id=\"wpcf7-f54103-o1\" lang=\"en-US\" dir=\"ltr\" data-wpcf7-id=\"54103\">\n<div class=\"screen-reader-response\"><p role=\"status\" aria-live=\"polite\" aria-atomic=\"true\"><\/p> <ul><\/ul><\/div>\n<form action=\"\/content\/wp-json\/wp\/v2\/pages\/29471#wpcf7-f54103-o1\" method=\"post\" class=\"wpcf7-form init\" aria-label=\"Contact form\" enctype=\"multipart\/form-data\" novalidate=\"novalidate\" data-status=\"init\">\n<fieldset class=\"hidden-fields-container\"><input type=\"hidden\" name=\"_wpcf7\" value=\"54103\" \/><input type=\"hidden\" name=\"_wpcf7_version\" value=\"6.1.5\" \/><input type=\"hidden\" name=\"_wpcf7_locale\" value=\"en_US\" \/><input type=\"hidden\" name=\"_wpcf7_unit_tag\" value=\"wpcf7-f54103-o1\" \/><input type=\"hidden\" name=\"_wpcf7_container_post\" value=\"0\" \/><input type=\"hidden\" name=\"_wpcf7_posted_data_hash\" value=\"\" \/><input type=\"hidden\" name=\"_wpcf7_recaptcha_response\" value=\"\" \/>\n<\/fieldset>\n<p><label class=form-label> Firm\u0103\/Nume<br \/>\n<span class=\"wpcf7-form-control-wrap\" data-name=\"your-name\"><input size=\"40\" maxlength=\"400\" class=\"wpcf7-form-control wpcf7-text wpcf7-validates-as-required\" autocomplete=\"name\" aria-required=\"true\" aria-invalid=\"false\" value=\"\" type=\"text\" name=\"your-name\" \/><\/span> <\/label>\n<\/p>\n<p><label class=form-label> Email<br \/>\n<span class=\"wpcf7-form-control-wrap\" data-name=\"your-email\"><input size=\"40\" maxlength=\"400\" class=\"wpcf7-form-control wpcf7-email wpcf7-validates-as-required wpcf7-text wpcf7-validates-as-email\" autocomplete=\"email\" aria-required=\"true\" aria-invalid=\"false\" value=\"\" type=\"email\" name=\"your-email\" \/><\/span> <\/label>\n<\/p>\n<p><label class=form-label> Telefon (op\u0163ional)<br \/>\n<span class=\"wpcf7-form-control-wrap\" data-name=\"telefon\"><input size=\"40\" maxlength=\"400\" class=\"wpcf7-form-control wpcf7-text\" aria-invalid=\"false\" value=\"\" type=\"text\" name=\"telefon\" \/><\/span> <\/label>\n<\/p>\n<p><label class=form-label> Servicii<\/label>\n<\/p>\n<p><span class=\"wpcf7-form-control-wrap\" data-name=\"checkbox-882\"><span class=\"wpcf7-form-control wpcf7-checkbox wpcf7-validates-as-required form-checkbox\"><span class=\"wpcf7-list-item first\"><label><input type=\"checkbox\" name=\"checkbox-882[]\" value=\"Redactare \u0219i \u00eenregistrare documente \u00een Registrul Comer\u021bului\" \/><span class=\"wpcf7-list-item-label\">Redactare \u0219i \u00eenregistrare documente \u00een Registrul Comer\u021bului<\/span><\/label><\/span><span class=\"wpcf7-list-item\"><label><input type=\"checkbox\" name=\"checkbox-882[]\" value=\"Redactare documente \u00eenfiin\u021bare sau modificare O.N.G.\" \/><span class=\"wpcf7-list-item-label\">Redactare documente \u00eenfiin\u021bare sau modificare O.N.G.<\/span><\/label><\/span><span class=\"wpcf7-list-item\"><label><input type=\"checkbox\" name=\"checkbox-882[]\" value=\"\u00cenregistrare \u00een Registrul Na\u021bional de Publicitate Mobiliar\u0103 (R.N.P.M.)\" \/><span class=\"wpcf7-list-item-label\">\u00cenregistrare \u00een Registrul Na\u021bional de Publicitate Mobiliar\u0103 (R.N.P.M.)<\/span><\/label><\/span><span class=\"wpcf7-list-item\"><label><input type=\"checkbox\" name=\"checkbox-882[]\" value=\"Certificat de origine privind m\u0103rfurile\" \/><span class=\"wpcf7-list-item-label\">Certificat de origine privind m\u0103rfurile<\/span><\/label><\/span><span class=\"wpcf7-list-item\"><label><input type=\"checkbox\" name=\"checkbox-882[]\" value=\"Certificat \u00eencadrare I.M.M.\" \/><span class=\"wpcf7-list-item-label\">Certificat \u00eencadrare I.M.M.<\/span><\/label><\/span><span class=\"wpcf7-list-item\"><label><input type=\"checkbox\" name=\"checkbox-882[]\" value=\"Informa\u021bii specifice centrului regional O.S.I.M.\" \/><span class=\"wpcf7-list-item-label\">Informa\u021bii specifice centrului regional O.S.I.M.<\/span><\/label><\/span><span class=\"wpcf7-list-item\"><label><input type=\"checkbox\" name=\"checkbox-882[]\" value=\"G\u0103zduire sediu social\" \/><span class=\"wpcf7-list-item-label\">G\u0103zduire sediu social<\/span><\/label><\/span><span class=\"wpcf7-list-item last\"><label><input type=\"checkbox\" name=\"checkbox-882[]\" value=\"Consultan\u021b\u0103 \u00een afaceri\" \/><span class=\"wpcf7-list-item-label\">Consultan\u021b\u0103 \u00een afaceri<\/span><\/label><\/span><\/span><\/span>\n<\/p>\n<p><label class=form-label> Mesajul dumneavoastr\u0103 (op\u0163ional)<br \/>\n<span class=\"wpcf7-form-control-wrap\" data-name=\"your-message\"><textarea cols=\"40\" rows=\"10\" maxlength=\"2000\" class=\"wpcf7-form-control wpcf7-textarea\" aria-invalid=\"false\" name=\"your-message\"><\/textarea><\/span> <\/label>\n<\/p>\n<p><label class=form-label> \u00cencarc\u0103 fi\u015fier de tip .rar sau .zip (max. 20mb) (op\u0163ional)<\/label><br \/>\n<span class=\"wpcf7-form-control-wrap\" data-name=\"file-926\"><input size=\"40\" class=\"wpcf7-form-control wpcf7-file\" accept=\".rar,.zip\" aria-invalid=\"false\" type=\"file\" name=\"file-926\" \/><\/span>\n<\/p>\n<p><span class=\"wpcf7-form-control-wrap\" data-name=\"acceptance-772\"><span class=\"wpcf7-form-control wpcf7-acceptance\"><span class=\"wpcf7-list-item\"><label><input type=\"checkbox\" name=\"acceptance-772\" value=\"1\" aria-invalid=\"false\" \/><span class=\"wpcf7-list-item-label\">Sunt de acord cu colectarea \u0219i prelucrarea datelor cu caracter personal, \u00een conformitate de <a href=\"http:\/\/ccisv.ro\/content\/nota-de-informare-privind-protectia-datelor-personale\/\" target=new class=form-label>nota de informare<\/a> afi\u015fat\u0103 de c\u0103tre Camera de Comer\u021b \u0219i Industrie Suceava.<\/span><\/label><\/span><\/span><\/span>\n<\/p>\n<p><input class=\"wpcf7-form-control wpcf7-submit has-spinner\" type=\"submit\" value=\"Trimite\" \/>\n<\/p><p style=\"display: none !important;\" class=\"akismet-fields-container\" data-prefix=\"_wpcf7_ak_\"><label>&#916;<textarea name=\"_wpcf7_ak_hp_textarea\" cols=\"45\" rows=\"8\" maxlength=\"100\"><\/textarea><\/label><input type=\"hidden\" id=\"ak_js_1\" name=\"_wpcf7_ak_js\" value=\"224\"\/><script>document.getElementById( \"ak_js_1\" ).setAttribute( \"value\", ( new Date() ).getTime() );<\/script><\/p><div class=\"fusion-alert alert custom alert-custom fusion-alert-center wpcf7-response-output fusion-alert-capitalize awb-alert-native-link-color alert-dismissable awb-alert-close-boxed\" style=\"--awb-border-size:1px;--awb-border-top-left-radius:0px;--awb-border-top-right-radius:0px;--awb-border-bottom-left-radius:0px;--awb-border-bottom-right-radius:0px;\" role=\"alert\"><div class=\"fusion-alert-content-wrapper\"><span class=\"fusion-alert-content\"><\/span><\/div><button type=\"button\" class=\"close toggle-alert\" data-dismiss=\"alert\" aria-label=\"Close\">&times;<\/button><\/div>\n<\/form>\n<\/div>\n\n<\/div><\/div><\/div><\/div><div class=\"fusion-clearfix\"><\/div><\/div><\/div><\/div><\/div><\/p>\n","protected":false},"excerpt":{"rendered":"","protected":false},"author":5,"featured_media":0,"parent":0,"menu_order":0,"comment_status":"closed","ping_status":"closed","template":"100-width.php","meta":{"footnotes":""},"class_list":["post-29471","page","type-page","status-publish","hentry"],"_links":{"self":[{"href":"https:\/\/ccisv.ro\/content\/wp-json\/wp\/v2\/pages\/29471","targetHints":{"allow":["GET"]}}],"collection":[{"href":"https:\/\/ccisv.ro\/content\/wp-json\/wp\/v2\/pages"}],"about":[{"href":"https:\/\/ccisv.ro\/content\/wp-json\/wp\/v2\/types\/page"}],"author":[{"embeddable":true,"href":"https:\/\/ccisv.ro\/content\/wp-json\/wp\/v2\/users\/5"}],"replies":[{"embeddable":true,"href":"https:\/\/ccisv.ro\/content\/wp-json\/wp\/v2\/comments?post=29471"}],"version-history":[{"count":12,"href":"https:\/\/ccisv.ro\/content\/wp-json\/wp\/v2\/pages\/29471\/revisions"}],"predecessor-version":[{"id":54164,"href":"https:\/\/ccisv.ro\/content\/wp-json\/wp\/v2\/pages\/29471\/revisions\/54164"}],"wp:attachment":[{"href":"https:\/\/ccisv.ro\/content\/wp-json\/wp\/v2\/media?parent=29471"}],"curies":[{"name":"wp","href":"https:\/\/api.w.org\/{rel}","templated":true}]}}