{"id":29468,"date":"2016-01-28T20:54:14","date_gmt":"2016-01-28T20:54:14","guid":{"rendered":"http:\/\/ccisv.ro\/avada\/?page_id=29468"},"modified":"2023-06-28T11:48:49","modified_gmt":"2023-06-28T08:48:49","slug":"centrul-regional-osim","status":"publish","type":"page","link":"https:\/\/ccisv.ro\/content\/centrul-regional-osim\/","title":{"rendered":"Centrul Regional OSIM"},"content":{"rendered":"<p><div class=\"fusion-fullwidth fullwidth-box fusion-builder-row-1 hundred-percent-fullwidth non-hundred-percent-height-scrolling cursuri-info noprint\" style=\"--awb-background-position:left top;--awb-border-radius-top-left:0px;--awb-border-radius-top-right:0px;--awb-border-radius-bottom-right:0px;--awb-border-radius-bottom-left:0px;--awb-padding-top:40px;--awb-padding-right:5%;--awb-padding-bottom:40px;--awb-padding-left:5%;--awb-background-color:#f7f7f7;--awb-border-sizes-top:0px;--awb-border-sizes-bottom:0px;--awb-flex-wrap:wrap;\" ><div class=\"fusion-builder-row fusion-row\"><div class=\"fusion-layout-column fusion_builder_column fusion-builder-column-0 fusion_builder_column_1_1 1_1 fusion-one-full fusion-column-first fusion-column-last fusion-column-no-min-height\" style=\"--awb-bg-size:cover;--awb-margin-bottom:0px;\"><div class=\"fusion-column-wrapper fusion-flex-column-wrapper-legacy\"><div class=\"fusion-title title fusion-title-1 fusion-sep-none fusion-title-center fusion-title-text fusion-title-size-one\"><h1 class=\"fusion-title-heading title-heading-center\" style=\"margin:0;\"><span style=\"color: #1e73be; font-size: 24pt;\">CENTRUL REGIONAL OSIM<\/span><\/h1><\/div><div class=\"fusion-sep-clear\"><\/div><div class=\"fusion-separator fusion-full-width-sep\" style=\"margin-left: auto;margin-right: auto;margin-top:50px;width:100%;\"><\/div><div class=\"fusion-sep-clear\"><\/div><div class=\"fusion-text fusion-text-1\"><p style=\"text-align: justify;\">Centrul Regional pentru Protec\u0163ia Propriet\u0103\u0163ii Industriale apare ca o necesitate deoarece din ce \u00een ce mai mul\u0163i manageri au \u00eenceput s\u0103 constate c\u0103 m\u0103rcile, modelele \u015fi desenele industriale, inven\u0163iile sunt valori \u00een afaceri \u015fi trebuie s\u0103 fie protejate, titularii ob\u0163in\u00e2nd drepturi exclusive de exploatare a acestora. Acest lucru confer\u0103 siguran\u0163\u0103, unicitate, oportunit\u0103\u0163i noi \u015fi profunzimea pe care o reclam\u0103 un mod civilizat de a face afaceri.<\/p>\n<p style=\"text-align: justify;\">Apari\u0163ia acestui centru pe teritoriul jude\u0163ului Suceava are menirea s\u0103 dinamizeze activitatea de proprietate industrial\u0103 \u015fi mai ales sa con\u015ftientizeze necesitatea protec\u0163iei obiectelor acesteia, asigur\u00e2nd totodat\u0103 consultan\u0163\u0103 privind procedurile \u00een fa\u0163a Oficiului de Stat pentru Inven\u0163ii \u015fi M\u0103rci, acces la informa\u0163ii, impactul m\u0103rcilor comunitare asupra afacerilor din \u0163ara noastr\u0103, acces la bazele de date na\u0163ionale \u015fi interna\u0163ionale, precum \u015fi la publica\u0163iile OSIM.<\/p>\n<\/div><div class=\"fusion-clearfix\"><\/div><\/div><\/div><\/div><\/div><div class=\"fusion-fullwidth fullwidth-box fusion-builder-row-2 hundred-percent-fullwidth non-hundred-percent-height-scrolling cursuri-info noprint\" style=\"--awb-background-position:left top;--awb-border-radius-top-left:0px;--awb-border-radius-top-right:0px;--awb-border-radius-bottom-right:0px;--awb-border-radius-bottom-left:0px;--awb-padding-top:40px;--awb-padding-right:5%;--awb-padding-bottom:40px;--awb-padding-left:5%;--awb-border-sizes-top:0px;--awb-border-sizes-bottom:0px;--awb-flex-wrap:wrap;\" ><div class=\"fusion-builder-row fusion-row\"><div class=\"fusion-layout-column fusion_builder_column fusion-builder-column-1 fusion_builder_column_1_1 1_1 fusion-one-full fusion-column-first fusion-column-last fusion-column-no-min-height\" style=\"--awb-bg-size:cover;--awb-margin-bottom:0px;\"><div class=\"fusion-column-wrapper fusion-flex-column-wrapper-legacy\"><div class=\"fusion-title title fusion-title-2 sep-underline sep-solid fusion-title-text fusion-title-size-one\" style=\"--awb-sep-color:#1e73be;\"><h1 class=\"fusion-title-heading title-heading-left\" style=\"margin:0;\"><span style=\"color: #1e73be;\">MARCA<\/span><\/h1><\/div><div class=\"fusion-text fusion-text-2\"><p style=\"text-align: justify;\">Este un element esen\u0163ial al strategiei \u00eentreprinderilor; ea face distinc\u0163ia dintre produsele \u015fi serviciile \u00eentreprinderii \u015fi cele ale concuren\u0163ei.<\/p>\n<p style=\"text-align: justify;\">Pentru consumator reprezint\u0103 cel mai comod mijloc de a recunoa\u015fte rapid o categorie de produse \u015fi servicii care i-a fost recomandat\u0103 sau, pe care experien\u0163a l-a determinat s\u0103 o prefere altor produse sau servicii de aceea\u015fi natur\u0103.<\/p>\n<p style=\"text-align: justify;\">Pentru \u00eentreprindere, marca reprezint\u0103 un mijloc de a cuceri \u015fi a p\u0103stra o clientel\u0103. O marc\u0103 poate fi opus\u0103 altei m\u0103rci, utilizat\u0103 de concuren\u0163\u0103, numai dup\u0103 \u00eenregistrarea la OSIM.<\/p>\n<p style=\"text-align: justify;\">Marca este un semn susceptibil de reprezentare grafic\u0103 servind la deosebirea produselor sau serviciilor unei persoane fizice sau juridice de cele apar\u0163in\u00e2nd altor persoane. Pot s\u0103 constituie m\u0103rci semne distinctive cum ar fi: cuvinte, inclusiv nume de persoane, desene, litere, cifre, elemente figurative, forme tridimensionale \u015fi \u00een special forma produsului sau ambalajului s\u0103u, combina\u0163ii de culori, precum \u015fi orice combina\u0163ie a acestor semne.<\/p>\n<p style=\"text-align: justify;\">\u00cenregistrarea unei m\u0103rci nu este un lucru foarte simplu av\u00e2nd \u00een vedere faptul c\u0103 trebuie \u00eendeplinite anumite condi\u0163ii: elementele verbale care alc\u0103tuiesc marca trebuie s\u0103 fie u\u015for de pronun\u0163at \u015fi de re\u0163inut, marca trebuie s\u0103 fie u\u015for de reprezentat, atractiv\u0103 din punctul de vedere al aspectului \u015fi s\u0103 difere de m\u0103rcile produselor identice sau similare.<\/p>\n<p style=\"text-align: justify;\"><span style=\"color: #1e73be;\"><strong>M\u0103rcile pot fi \u00eenregistrate \u00een urm\u0103toarele forme:<\/strong><\/span><\/p>\n<ul style=\"text-align: justify;\">\n<li>marca verbal\u0103 \u2013 o denumire, un slogan, scrise cu caractere standard;<\/li>\n<li>marca figurativ\u0103 \u2013 un element grafic care nu con\u0163ine litere sau cifre;<\/li>\n<li>marca combinat\u0103 \u2013 o denumire scris\u0103 cu o grafic\u0103 deosebit\u0103 \u015fi \/sau \u00een culori sau o denumire \u00eenso\u0163ita de un element grafic;<\/li>\n<li>marca tridimensional\u0103 \u2013 marc\u0103 constituit\u0103 din forma produsului sau a ambalajului sau orice alt semn specific tridimensional care permite identificarea unui produs sau serviciu.<\/li>\n<\/ul>\n<p style=\"text-align: justify;\"><span style=\"color: #1e73be;\"><strong>M\u0103rcile pot fi protejate:<\/strong><\/span><\/p>\n<ul style=\"text-align: justify;\">\n<li>la nivel na\u0163ional \u2013 compania dumneavoastr\u0103 va dob\u00e2ndi protec\u0163ie asupra dreptului numai pe teritoriul \u0163\u0103rii in care se face \u00eenregistrarea; cererea de \u00eenregistrare de marc\u0103 se depune la Oficiul de Stat pentru Inven\u0163ii \u015fi M\u0103rci (OSIM) pentru \u00eenregistrarea m\u0103rcii \u00een Rom\u00e2nia sau la Oficiile specializate din alte \u0163\u0103ri \u00een care compania dumneavoastr\u0103 \u00ee\u015fi desf\u0103\u015foara activitatea;<\/li>\n<li>la nivel comunitar \u2013 dreptul asupra m\u0103rcii este protejat \u00een toate \u0163\u0103rile membre ale Uniunii Europene; cererea de \u00eenregistrare de marc\u0103 se depune la Oficiul pentru Armonizarea Pie\u0163ei Interne (OHIM\/OAPI);<\/li>\n<li>la nivel interna\u0163ional \u2013 dreptul asupra m\u0103rcii este protejat \u00een \u0163\u0103rile men\u0163ionate \u00een cererea de \u00eenregistrare conform Aranjamentului sau Protocolului de la Madrid; cererea de \u00eenregistrare de marc\u0103 se depune la Organiza\u0163ia Mondial\u0103 a Propriet\u0103\u0163ii Intelectuale (WIPO\/OMPI).<\/li>\n<\/ul>\n<p style=\"text-align: justify;\"><span style=\"color: #1e73be;\"><strong>Cine poate \u00eenregistra o marc\u0103?<\/strong><\/span><\/p>\n<p style=\"text-align: justify;\">Orice persoana fizic\u0103 sau juridic\u0103 poate inregistra o marc\u0103. Pot fi \u00eenregistrate ca m\u0103rci: cuvinte, inclusiv nume de persoane, desene, litere, cifre, elemente figurative, forme tridimensionale \u015fi \u00een special, forma produsului sau ambalajului sau combina\u0163ii de culori precum \u015fi orice combina\u0163ii ale acestor semne.<\/p>\n<p style=\"text-align: justify;\"><span style=\"color: #1e73be;\"><strong>M\u0103rci Na\u0163ionale<\/strong><\/span> \u2013 este marca \u00eenregistrata la oficiul na\u0163ional din fiecare \u0163ara \u00een care se solicit\u0103 \u00eenregistrarea.<\/p>\n<p style=\"text-align: justify;\">Marca \u00eenregistrat\u0103 la nivel na\u0163ional beneficiaz\u0103 de protec\u0163ie numai pe teritoriul \u0163\u0103rii \u00een care este formulat\u0103 cererea \u015fi numai pentru produsele \u015fi\/sau serviciile pentru care este \u00eenregistrat\u0103.<\/p>\n<p style=\"text-align: justify;\">Pentru a \u00eenregistra o marc\u0103 \u00een Rom\u00e2nia, este necesar\u0103 depunerea unei cereri de \u00eenregistrare la Oficiul de Stat pentru Inven\u0163ii \u015fi M\u0103rci (OSIM).<\/p>\n<p style=\"text-align: justify;\">Procedura de \u00eenregistrare a unei m\u0103rci \u00een Rom\u00e2nia dureaza \u00eentre 9-12 luni, cu excep\u0163ia cazurilor \u00een care sunt emise Avize de Refuz Provizoriu sau sunt formulate Opozi\u0163ii la \u00eenregistrarea m\u0103rcii de c\u0103tre ter\u0163i.<\/p>\n<p style=\"text-align: justify;\">Marca \u00eenregistrat\u0103 \u00een Rom\u00e2nia este protejat\u0103 pentru o perioada de 10 ani; prin re\u00eennoirea m\u0103rcii, perioada de protec\u0163ie poate fi prelungit\u0103 cu alte perioade de c\u00e2te 10 ani, cu condi\u0163ia formul\u0103rii cererii de re\u00eennoire \u00een termenele prev\u0103zute de lege \u015fi achit\u0103rii taxelor de re\u00eennoire.<\/p>\n<p style=\"text-align: justify;\"><span style=\"color: #1e73be;\"><strong>M\u0103rci Comunitare<\/strong><\/span> \u2013 este marca \u00eenregistrat\u0103 prin formularea unei cereri c\u0103tre Oficiul pentru Armonizarea Pie\u0163ei Interne (OHIM\/OAPI), marca fiind protejat\u0103 \u00een toate \u0163\u0103rile membre ale Uniunii Europene.<\/p>\n<p style=\"text-align: justify;\">Avantajele \u00eenregistr\u0103rii unei m\u0103rci printr-o cerere formulat\u0103 la nivel comunitar sunt urm\u0103toarele:<\/p>\n<ul style=\"text-align: justify;\">\n<li>formularea unei singure cereri de \u00eenregistrare de marc\u0103 \u015fi ob\u0163inerea protec\u0163iei pentru acea marc\u0103 \u00een toate \u0163\u0103rile membre ale Uniunii Europene;<\/li>\n<li>urm\u0103rirea unei singure cereri, supuse reglement\u0103rilor cuprinse \u00een cadrul unui singur act normativ, spre deosebire de cazul \u00een care s-ar fi procedat la depunerea mai multor cereri na\u0163ionale, supuse fiecare dintre ele reglement\u0103rilor din \u0163\u0103rile \u00een cauz\u0103;<\/li>\n<li>valoarea taxelor achitate este mult mai mic\u0103 pentru \u00eenregistrarea m\u0103rcii comunitare dec\u00e2t aceea care ar fi trebuit achitat\u0103 \u00een cazul \u00een care s-ar fi optat pentru \u00eenregistrarea m\u0103rcii la nivel na\u0163ional \u00een fiecare dintre \u0163\u0103rile membre ale Uniunii Europene.<\/li>\n<\/ul>\n<p style=\"text-align: justify;\">Procedura de \u00eenregistrare a unei m\u0103rci comunitare dureaz\u0103 minimum 12 luni, cu excep\u0163ia cazurilor \u00een care sunt formulate Opozi\u0163ii la \u00eenregistrarea m\u0103rcii de c\u0103tre ter\u0163i.<\/p>\n<p style=\"text-align: justify;\">Marca \u00eenregistrat\u0103 la nivel comunitar este protejat\u0103 pentru o perioad\u0103 de 10 ani; prin re\u00eennoirea m\u0103rcii, perioada de protec\u0163ie poate fi prelungit\u0103 cu alte perioade de c\u00e2te 10 ani, cu condi\u0163ia formul\u0103rii cererii de re\u00eennoire \u00een termenele prev\u0103zute de lege \u015fi cu achitarea taxelor de re\u00eennoire.<\/p>\n<p style=\"text-align: justify;\"><span style=\"color: #1e73be;\"><strong>M\u0103rci Interna\u0163ionale<\/strong><\/span> \u2013 este marca \u00eenregistrat\u0103 \u00een baza Aranjamentului sau Protocolului de la Madrid \u00een \u0163\u0103rile men\u0163ionate \u00een cuprinsul cererii de \u00eenregistrare depuse la Organiza\u0163ia Mondial\u0103 a Propriet\u0103\u0163ii Intelectuale (WIPO\/OMPI).<\/p>\n<p style=\"text-align: justify;\">Avantajele \u00eenregistr\u0103rii unei m\u0103rci printr-o cerere formulat\u0103 la nivel interna\u0163ional sunt urm\u0103toarele:<\/p>\n<ul style=\"text-align: justify;\">\n<li>formularea unei singure cereri de \u00eenregistrare de marc\u0103 \u015fi ob\u0163inerea protec\u0163iei pentru acea marc\u0103 \u00een mai multe \u0163\u0103ri;<\/li>\n<li>urm\u0103rirea unei singure cereri pentru modific\u0103ri, complet\u0103ri \u015fi alte men\u0163iuni care apar pe parcursul procesului de \u00eenregistrare;<\/li>\n<li>valoarea taxelor achitate este mult mai mic\u0103 pentru \u00eenregistrarea m\u0103rcii interna\u0163ionale dec\u00e2t aceea care ar fi trebuit achitat\u0103 \u00een cazul \u00een care s-ar fi optat pentru \u00eenregistrarea m\u0103rcii la nivel na\u0163ional \u00een fiecare dintre \u0163\u0103rile care prezint\u0103 interes.<\/li>\n<\/ul>\n<p style=\"text-align: justify;\">Procedura de \u00eenregistrare a unei m\u0103rci interna\u0163ionale dureaz\u0103 aproximativ 12-18 luni, cu excep\u0163ia cazurilor \u00een care sunt emise Avize de Refuz Provizoriu sau sunt formulate Opozi\u0163ii la \u00eenregistrarea m\u0103rcii de c\u0103tre ter\u0163i.<\/p>\n<p style=\"text-align: justify;\">Marca \u00eenregistrat\u0103 la nivel interna\u0163ional este protejat\u0103 pentru o perioad\u0103 de 10 ani; prin re\u00eennoirea m\u0103rcii, perioada de protec\u0163ie poate fi prelungit\u0103 cu alte perioade de c\u00e2te 10 ani, cu condi\u0163ia formul\u0103rii cererii de re\u00eennoire \u00een termenele prev\u0103zute de lege \u015fi cu achitarea taxelor de re\u00eennoire.<\/p>\n<\/div><div class=\"fusion-clearfix\"><\/div><\/div><\/div><\/div><\/div><div class=\"fusion-fullwidth fullwidth-box fusion-builder-row-3 hundred-percent-fullwidth non-hundred-percent-height-scrolling cursuri-info noprint\" style=\"--awb-background-position:left top;--awb-border-radius-top-left:0px;--awb-border-radius-top-right:0px;--awb-border-radius-bottom-right:0px;--awb-border-radius-bottom-left:0px;--awb-padding-top:40px;--awb-padding-right:5%;--awb-padding-bottom:40px;--awb-padding-left:5%;--awb-background-color:#f7f7f7;--awb-border-sizes-top:0px;--awb-border-sizes-bottom:0px;--awb-flex-wrap:wrap;\" ><div class=\"fusion-builder-row fusion-row\"><div class=\"fusion-layout-column fusion_builder_column fusion-builder-column-2 fusion_builder_column_1_1 1_1 fusion-one-full fusion-column-first fusion-column-last fusion-column-no-min-height\" style=\"--awb-bg-size:cover;--awb-margin-bottom:0px;\"><div class=\"fusion-column-wrapper fusion-flex-column-wrapper-legacy\"><div class=\"fusion-title title fusion-title-3 sep-underline sep-solid fusion-title-text fusion-title-size-one\" style=\"--awb-sep-color:#1e73be;\"><h1 class=\"fusion-title-heading title-heading-left\" style=\"margin:0;\"><span style=\"color: #1e73be;\">BREVETUL DE INVEN\u0162IE<\/span><\/h1><\/div><div class=\"fusion-text fusion-text-3\"><p style=\"text-align: justify;\">Este un drept exclusiv, acordat de c\u0103tre stat, pentru o inven\u0163ie care este nou\u0103, implic\u0103 o activitate inventiv\u0103 \u015fi poate fi aplicat\u0103 \u00een industrie.<\/p>\n<p style=\"text-align: justify;\">Brevetul poate fi acordat pentru orice inven\u0163ie cu caracter tehnic av\u00e2nd ca obiect un produs sau un procedeu, \u00een toate domeniile tehnologice, inclusiv din domeniul biotehnologiei dac\u0103 \u00eendepline\u015fte \u015fi celelalte condi\u0163ii legale.<\/p>\n<p style=\"text-align: justify;\"><span style=\"color: #1e73be;\"><strong>MODELUL DE UTILITATE<\/strong><\/span><\/p>\n<p style=\"text-align: justify;\">MODELUL DE UTILITATE protejeaz\u0103 orice inven\u0163ie tehnic\u0103, cu condi\u0163ia s\u0103 fie nou\u0103, s\u0103 depa\u015feasc\u0103 nivelul simplei \u00eendem\u00e2n\u0103ri profesionale \u015fi s\u0103 fie susceptibil\u0103 de aplicare industrial\u0103.<\/p>\n<\/div><div class=\"fusion-clearfix\"><\/div><\/div><\/div><\/div><\/div><div class=\"fusion-fullwidth fullwidth-box fusion-builder-row-4 hundred-percent-fullwidth non-hundred-percent-height-scrolling cursuri-info noprint\" style=\"--awb-background-position:left top;--awb-border-radius-top-left:0px;--awb-border-radius-top-right:0px;--awb-border-radius-bottom-right:0px;--awb-border-radius-bottom-left:0px;--awb-padding-top:40px;--awb-padding-right:5%;--awb-padding-bottom:40px;--awb-padding-left:5%;--awb-border-sizes-top:0px;--awb-border-sizes-bottom:0px;--awb-flex-wrap:wrap;\" ><div class=\"fusion-builder-row fusion-row\"><div class=\"fusion-layout-column fusion_builder_column fusion-builder-column-3 fusion_builder_column_1_1 1_1 fusion-one-full fusion-column-first fusion-column-last fusion-column-no-min-height\" style=\"--awb-bg-size:cover;--awb-margin-bottom:0px;\"><div class=\"fusion-column-wrapper fusion-flex-column-wrapper-legacy\"><div class=\"fusion-title title fusion-title-4 sep-underline sep-solid fusion-title-text fusion-title-size-one\" style=\"--awb-sep-color:#1e73be;\"><h1 class=\"fusion-title-heading title-heading-left\" style=\"margin:0;\"><span style=\"color: #1e73be;\">DESENUL \u015eI MODELUL INDUSTRIAL<\/span><\/h1><\/div><div class=\"fusion-text fusion-text-4\"><p style=\"text-align: justify;\"><span style=\"color: #1e73be;\"><strong>Desen<\/strong><\/span> \u2013 aspectul exterior al unui produs sau al unei p\u0103r\u0163i a acestuia, redat \u00een dou\u0103 dimensiuni, rezultat din combina\u0163ia dintre principalele caracteristici, \u00een deosebi linii, contururi, culori, form\u0103, textur\u0103 \u015fi\/sau materiale \u015fi\/sau ornamenta\u0163ia produsului \u00een sine.<\/p>\n<p style=\"text-align: justify;\"><span style=\"color: #1e73be;\"><strong>Model<\/strong> <\/span>\u2013 aspectul exterior al unui produs sau al unei p\u0103r\u0163i a acestuia, redat \u00een trei dimensiuni, rezultat din combina\u0163ia dintre principalele caracteristici, \u00een deosebi linii, contururi, culori, form\u0103, textur\u0103 \u015fi\/sau ornamenta\u0163ia produsului \u00een sine.<\/p>\n<p style=\"text-align: justify;\"><span style=\"color: #1e73be;\"><strong>SERVICIUL \u201cPLICUL CU IDEI\u201d<\/strong><\/span><\/p>\n<p style=\"text-align: justify;\"><span style=\"color: #1e73be;\"><strong>PLICUL CU IDEI<\/strong><\/span> este o modalitate prin care pot fi depozitate \u015fi p\u0103strate \u00een siguran\u0163\u0103, \u00een regim nepublic, de c\u0103tre <strong>OSIM<\/strong>, documente depuse de creatori, persoane fizice \u0163i juridice, care cuprind lucr\u0103ri \u015fi crea\u0163ii din cele mai diverse domenii ce nu pot fi protejate prin legisla\u0163ia \u00een vigoare privind proprietatea industrial\u0103, precum \u015fi drepturile de autor \u015fi drepturile conexe, \u00een scopul certific\u0103rii datei de depunere.<\/p>\n<p style=\"text-align: justify;\">Scopul activit\u0103\u0163ii Centrului este de a oferi \u015fi efectua la cerere o palet\u0103 de servicii descentralizate, prin care disemineaz\u0103 informa\u0163ii publice legate de Proprietatea Industrial\u0103, sensibilizeaz\u0103 comunit\u0103\u0163ile la nivel local asupra necesit\u0103\u0163ii protec\u0163iei obiectelor propriet\u0103\u0163ii industriale, influen\u0163eaz\u0103 cre\u015fterea num\u0103rului cererilor de brevet, cererilor de \u00eenregistrare m\u0103rci sau desene \u015fi modele industriale \u015fi contribuie la aplicarea inven\u0163iilor \u015fi astfel la \u00eennoirea produc\u0163iei industriale \u015fi la cre\u015fterea interesului tineretului \u00een a-\u015fi valorifica \u00een \u0163ar\u0103 propriile crea\u0163ii tehnice.<\/p>\n<p style=\"text-align: justify;\">Transformarea mentalit\u0103\u0163ii la nivel local conduce la dezvoltarea industrial\u0103, \u00een condi\u0163iile unui climat concuren\u0163ial loial, \u00eempiedic\u00e2ndu-se astfel \u00eenc\u0103lcarea drepturilor exclusive ale titularilor drepturilor de proprietate industrial\u0103 prin impunerea unor forme de colaborare noi (contractele de cesiune, de licen\u0163\u0103, de leasing, de franchis\u0103, etc.).<\/p>\n<p style=\"text-align: justify;\">Serviciile oferite de CENTRUL DE PROPRIETATE INDUSTRIAL\u0102<\/p>\n<ul>\n<li style=\"text-align: justify;\">\u00eenregistrare cerere de Brevet de Inven\u0163ie;<\/li>\n<li style=\"text-align: justify;\">tehnoredactare cerere OSIM;<\/li>\n<li style=\"text-align: justify;\">design, marc\u0103, model sau desen;<\/li>\n<li style=\"text-align: justify;\">asisten\u0163\u0103 OSIM.<\/li>\n<\/ul>\n<\/div><div class=\"fusion-clearfix\"><\/div><\/div><\/div><\/div><\/div><\/p>\n","protected":false},"excerpt":{"rendered":"","protected":false},"author":5,"featured_media":0,"parent":0,"menu_order":0,"comment_status":"closed","ping_status":"closed","template":"100-width.php","meta":{"footnotes":""},"class_list":["post-29468","page","type-page","status-publish","hentry"],"_links":{"self":[{"href":"https:\/\/ccisv.ro\/content\/wp-json\/wp\/v2\/pages\/29468","targetHints":{"allow":["GET"]}}],"collection":[{"href":"https:\/\/ccisv.ro\/content\/wp-json\/wp\/v2\/pages"}],"about":[{"href":"https:\/\/ccisv.ro\/content\/wp-json\/wp\/v2\/types\/page"}],"author":[{"embeddable":true,"href":"https:\/\/ccisv.ro\/content\/wp-json\/wp\/v2\/users\/5"}],"replies":[{"embeddable":true,"href":"https:\/\/ccisv.ro\/content\/wp-json\/wp\/v2\/comments?post=29468"}],"version-history":[{"count":16,"href":"https:\/\/ccisv.ro\/content\/wp-json\/wp\/v2\/pages\/29468\/revisions"}],"predecessor-version":[{"id":49056,"href":"https:\/\/ccisv.ro\/content\/wp-json\/wp\/v2\/pages\/29468\/revisions\/49056"}],"wp:attachment":[{"href":"https:\/\/ccisv.ro\/content\/wp-json\/wp\/v2\/media?parent=29468"}],"curies":[{"name":"wp","href":"https:\/\/api.w.org\/{rel}","templated":true}]}}